{"id":1552,"date":"2013-04-16T23:08:45","date_gmt":"2013-04-16T20:08:45","guid":{"rendered":"http:\/\/christopoulosadvocates.com\/?page_id=1552"},"modified":"2013-04-16T23:20:57","modified_gmt":"2013-04-16T20:20:57","slug":"news","status":"publish","type":"page","link":"https:\/\/christopoulosadvocates.com\/en\/news\/","title":{"rendered":"News"},"content":{"rendered":"<div class=\"blog-post even  post-1990 post type-post status-publish format-standard hentry category-announcements\">\n<h3 class=\"blog-post-title no-featured\"><a href=\"https:\/\/christopoulosadvocates.com\/en\/eclinicalworks_datamedsa\/\">Datamed &#8211; eClinicalWorks strategic partnership<\/a><\/h3>\n<ul class=\"blog-post-info fixed\">\n<li class=\"author\">posted by <strong>admin<\/strong><\/li>\n<li class=\"categories\">posted in <a href=\"https:\/\/christopoulosadvocates.com\/en\/category\/announcements\/\" >Announcements<\/a><\/li>\n<\/ul>\n<p><a href=\"http:\/\/christopoulosadvocates.com\/wp-content\/uploads\/2016\/01\/datamed-eclinicalworks-e1454100500843.jpg\"><img class=\"size-full wp-image-1985 aligncenter\" src=\"http:\/\/christopoulosadvocates.com\/wp-content\/uploads\/2016\/01\/datamed-eclinicalworks-e1454100500843.jpg\" alt=\"datamed - eclinicalworks\" width=\"480\" height=\"360\" \/><\/a><\/p>\n<p style=\"text-align: justify;\">Today, at the most luxurious\u00a0<a href=\"http:\/\/www.grandebretagne.gr\" target=\"_blank\">Grande Bretagne<\/a>\u00a0hotel in Athens, we celebrated with our client,\u00a0<a href=\"http:\/\/www.datamed.gr\" target=\"_blank\" data-ft=\"{&quot;tn&quot;:&quot;*N&quot;,&quot;type&quot;:104}\">Datamed S<\/a>A,\u00a0both the new year and its brand new strategic partnership with the\u00a0leading clinical solutions company in the industry,\u00a0<a href=\"https:\/\/www.eclinicalworks.com\/\" target=\"_blank\" data-ft=\"{&quot;tn&quot;:&quot;*N&quot;,&quot;type&quot;:104}\">eClinicalWorks<\/a>\u00a0.<\/p>\n<p style=\"text-align: justify;\">Datamed SA, the leader on healthcare information systems in Greece and Cyprus. which we support for\u00a0all its legal needs\u00a0since 2003, has entered in\u00a0a key-partnership with the world&#8217;s leader in the industry.<br \/>\nThese were the best news for the beginning of the year!<br \/>\nThis partnership is\u00a0worth celebrating .<\/p>\n<\/p>\n<div class=\"fixed\">\n<p class=\"blog-post-comments\"><a href=\"https:\/\/christopoulosadvocates.com\/en\/eclinicalworks_datamedsa\/#comments\">0 Comments<\/a><\/p>\n<p class=\"blog-post-readmore\"><a href=\"https:\/\/christopoulosadvocates.com\/en\/eclinicalworks_datamedsa\/\">Read More<\/a><\/p>\n<\/p><\/div>\n<\/div>\n<div class=\"hr\"><\/div>\n<div class=\"blog-post odd last  post-1949 post type-post status-publish format-standard hentry category-quotes tag-alexia-kefalas tag-business-in-greece tag-christos-christopoulos tag-grece-en tag-greece tag-le-figaro-en\">\n<h3 class=\"blog-post-title no-featured\"><a href=\"https:\/\/christopoulosadvocates.com\/en\/un-million-de-salaries-ne-sont-pas-payes-en-fin-de-mois-le-figaro-2722014-one-million-workers-paid-end-month\/\">Un million de salari\u00e9s ne sont pas pay\u00e9s en fin de mois &#8211; Le Figaro 27\/2\/2014 &#8211; One million  workers are not paid at the end of the month<\/a><\/h3>\n<ul class=\"blog-post-info fixed\">\n<li class=\"author\">posted by <strong>admin<\/strong><\/li>\n<li class=\"categories\">posted in <a href=\"https:\/\/christopoulosadvocates.com\/en\/category\/quotes\/\" >Quotes<\/a><\/li>\n<\/ul>\n<p><h3>Le Figaro 27\/2\/2014<br \/>\nOne million workers are not paid at the end of the month.<br \/>\nStatement at the French daily journal &#8220;Le Figaro&#8221;, on February 27th, 2014<\/h3>\n<p><a href=\"http:\/\/christopoulosadvocates.com\/wp-content\/uploads\/2014\/03\/lefigaro_270214.jpg\"><img class=\"alignleft size-thumbnail wp-image-1948\" alt=\"lefigaro_270214\" src=\"http:\/\/christopoulosadvocates.com\/wp-content\/uploads\/2014\/03\/lefigaro_270214-150x150.jpg\" width=\"150\" height=\"150\" \/><\/a><\/p>\n<div class=\"fixed\">\n<p class=\"blog-post-comments\"><a href=\"https:\/\/christopoulosadvocates.com\/en\/un-million-de-salaries-ne-sont-pas-payes-en-fin-de-mois-le-figaro-2722014-one-million-workers-paid-end-month\/#comments\">0 Comments<\/a><\/p>\n<p class=\"blog-post-readmore\"><a href=\"https:\/\/christopoulosadvocates.com\/en\/un-million-de-salaries-ne-sont-pas-payes-en-fin-de-mois-le-figaro-2722014-one-million-workers-paid-end-month\/\">Read More<\/a><\/p>\n<\/p><\/div>\n<\/div>\n<div class=\"hr\"><\/div>\n<div class=\"blog-post even  post-1686 post type-post status-publish format-standard hentry category-quotes\">\n<h3 class=\"blog-post-title no-featured\"><a href=\"https:\/\/christopoulosadvocates.com\/en\/income_tax\/\">The new income tax laws for 2013<\/a><\/h3>\n<ul class=\"blog-post-info fixed\">\n<li class=\"author\">posted by <strong>admin<\/strong><\/li>\n<li class=\"categories\">posted in <a href=\"https:\/\/christopoulosadvocates.com\/en\/category\/quotes\/\" >Quotes<\/a><\/li>\n<\/ul>\n<p><a href=\"http:\/\/christopoulosadvocates.com\/wp-content\/uploads\/2013\/05\/RTL-MONDE-19-5-2013.jpg\"><img class=\"alignleft size-full wp-image-1662\" alt=\"L' evasion fiscale en Gr\u00e8ce.\" src=\"http:\/\/christopoulosadvocates.com\/wp-content\/uploads\/2013\/05\/RTL-MONDE-19-5-2013.jpg\" width=\"443\" height=\"174\" \/><\/a><\/p>\n<p><span style=\"color: #3366cc;\">\u00a0<\/span><\/p>\n<p>&nbsp;<\/p>\n<p>&nbsp;<\/p>\n<p>&nbsp;<\/p>\n<p>&nbsp;<\/p>\n<p>&nbsp;<\/p>\n<p><span style=\"font-size: 13px; line-height: 19px;\">Listen to our interview to\u00a0<\/span><span style=\"font-size: 13px; line-height: 19px;\">RTL MONDE (19\/5\/2013) about the danger hiding inside the new income tax laws for 2013\u00a0(in french).<\/span><\/p>\n<h5>PRESS THE BUTTON TO LISTEN<\/h5>\n<p>[sc_embed_player fileurl=&#8221;http:\/\/christopoulosadvocates.com\/wp-content\/uploads\/2013\/05\/RTL-19-5-2013-SUR-L-EVASION-FISCALE.mp3&#8243;]<\/p>\n<p><span style=\"color: #0033cc;\">\u00a0<\/span><\/p>\n<p><span style=\"color: #000000;\">or visit the radio station&#8217;s <span style=\"color: #3366ff;\"><a href=\"http:\/\/www.rtl.fr\/emission\/rtl-monde\/ecouter\/rtl-monde-du-19-mai-2013-7761519954\" target=\"_blank\"><span style=\"color: #3366ff;\">web page<\/span><\/a>.<a href=\"http:\/\/www.rtl.fr\/emission\/rtl-monde\/ecouter\/rtl-monde-du-19-mai-2013-7761519954\"><span style=\"color: #3366ff;\">\u00a0<\/span><\/a><\/span><\/span><\/p>\n<div class=\"fixed\">\n<p class=\"blog-post-comments\"><a href=\"https:\/\/christopoulosadvocates.com\/en\/income_tax\/#comments\">0 Comments<\/a><\/p>\n<p class=\"blog-post-readmore\"><a href=\"https:\/\/christopoulosadvocates.com\/en\/income_tax\/\">Read More<\/a><\/p>\n<\/p><\/div>\n<\/div>\n<div class=\"hr\"><\/div>\n<div class=\"blog-post odd last  post-1283 post type-post status-publish format-standard hentry category-energy tag-downstream tag-oil-regulation tag-upstream\">\n<h3 class=\"blog-post-title no-featured\"><a href=\"https:\/\/christopoulosadvocates.com\/en\/oil-regulation-part-2\/\">Oil Regulation (Part 2)<\/a><\/h3>\n<ul class=\"blog-post-info fixed\">\n<li class=\"author\">posted by <strong>admin<\/strong><\/li>\n<li class=\"categories\">posted in <a href=\"https:\/\/christopoulosadvocates.com\/en\/category\/energy\/\" >Energy<\/a><\/li>\n<\/ul>\n<p><h3><span style=\"color: #333399;\"><strong>PART 2 &#8211; DOWNSTREAM<\/strong><\/span><\/h3>\n<p>&nbsp;<\/p>\n<h3><span style=\"color: #333399;\"><strong><em>\u0391. GENERAL APPROACH<\/em><\/strong><\/span><\/h3>\n<h3><span style=\"color: #333399;\"><strong>What is the general structure of the petroleum products\u2019 market today?<\/strong><\/span><\/h3>\n<p>In the refining sector only two companies\u00a0<sup>4<\/sup>\u00a0are active (HELLENIC PETROLEUM, MOTOR OIL) which produce homogeneous products and which are mainly targeted to the domestic market.<\/p>\n<p>In the trade sectors there are approximately twenty (20) companies activated, which supply the service stations, the large consumers and the end consumers and which possess their own storage spaces.<\/p>\n<p>In the field of retail distribution there are approximately 8,000 active service-stations, the majority of which bears the trademark of a trading company, while there are approximately 600 independent service-stations<sup>5<\/sup>, as well as a small number of service-stations located in Super Markets and exclusively supplying the end consumers. <a href=\"https:\/\/christopoulosadvocates.com\/en\/oil-regulation-part-2\/#more-1283\" class=\"more-link\">&nbsp;<\/a><\/p>\n<div class=\"fixed\">\n<p class=\"blog-post-comments\"><a href=\"https:\/\/christopoulosadvocates.com\/en\/oil-regulation-part-2\/#comments\">0 Comments<\/a><\/p>\n<p class=\"blog-post-readmore\"><a href=\"https:\/\/christopoulosadvocates.com\/en\/oil-regulation-part-2\/\">Read More<\/a><\/p>\n<\/p><\/div>\n<\/div>\n<div class=\"hr\"><\/div>\n<div class=\"blog-post even  post-1272 post type-post status-publish format-standard hentry category-energy tag-downstream tag-oil-regulation tag-upstream\">\n<h3 class=\"blog-post-title no-featured\"><a href=\"https:\/\/christopoulosadvocates.com\/en\/oil-regulation-part-1\/\">Oil Regulation (Part 1)<\/a><\/h3>\n<ul class=\"blog-post-info fixed\">\n<li class=\"author\">posted by <strong>admin<\/strong><\/li>\n<li class=\"categories\">posted in <a href=\"https:\/\/christopoulosadvocates.com\/en\/category\/energy\/\" >Energy<\/a><\/li>\n<\/ul>\n<p><h3><span style=\"color: #333399;\"><strong>INTRODUCTION<\/strong><\/span><\/h3>\n<p>The petroleum market in Greece is facing significant issues, mostly due to the distortion of competition, smuggling and lack of substantial development in recent years. However, the market offers challenging opportunities to investors provided that much awaited changes &#8211; at both a regulatory as well as a business practice level &#8211; are followed through. The below report aims to present a brief, yet concise overview of the various aspects (sectors, risks, challenges, opportunities) of the Greek petroleum market. <a href=\"https:\/\/christopoulosadvocates.com\/en\/oil-regulation-part-1\/#more-1272\" class=\"more-link\">&nbsp;<\/a><\/p>\n<div class=\"fixed\">\n<p class=\"blog-post-comments\"><a href=\"https:\/\/christopoulosadvocates.com\/en\/oil-regulation-part-1\/#comments\">0 Comments<\/a><\/p>\n<p class=\"blog-post-readmore\"><a href=\"https:\/\/christopoulosadvocates.com\/en\/oil-regulation-part-1\/\">Read More<\/a><\/p>\n<\/p><\/div>\n<\/div>\n<div class=\"hr\"><\/div>\n<div class=\"blog-post odd last  post-1409 post type-post status-publish format-standard hentry category-quotes tag-crisis tag-greece\">\n<h3 class=\"blog-post-title no-featured\"><a href=\"https:\/\/christopoulosadvocates.com\/en\/coca-cola-leaves-greece\/\">The Coca-Cola leaves Greece<\/a><\/h3>\n<ul class=\"blog-post-info fixed\">\n<li class=\"author\">posted by <strong>admin<\/strong><\/li>\n<li class=\"categories\">posted in <a href=\"https:\/\/christopoulosadvocates.com\/en\/category\/quotes\/\" >Quotes<\/a><\/li>\n<\/ul>\n<p><strong>LE FIGARO-Economie &#8211; 12\/10\/2012<\/strong><\/p>\n<p><a href=\"http:\/\/christopoulosadvocates.com\/wp-content\/uploads\/2013\/04\/Figaro-CA.jpg\"><img class=\"size-thumbnail wp-image-1412 alignleft\" title=\"Figaro-CA\" alt=\"Coca-Cola leaves Greece - Le Figaro Economie\" src=\"http:\/\/christopoulosadvocates.com\/wp-content\/uploads\/2013\/04\/Figaro-CA-150x150.jpg\" width=\"150\" height=\"150\" \/><\/a><\/p>\n<p><strong>Coca-Cola Hellenic se d\u00e9localise<\/strong><\/p>\n<p>La sixi\u00e8me ann\u00e9e de r\u00e9cession en Gr\u00e8ce fait fuir les grandes entreprises install\u00e9es sur place. Apres Carrefour, c\u2019est au tour de Coca-Cola Hellenic (CCH), premi\u00e8re capitalisation boursi\u00e8re de Gr\u00e8ce, de quitter le pays. Cette derni\u00e8re a annonce pr\u00e9f\u00e9rer installer son si\u00e8ge social en Suisse et quitter la Bourse d&#8217;Ath\u00e8nes pour celle de Londres. Pourtant, Coca- Cola Hellenic est le deuxi\u00e8me embouteilleur de Coca-Cola au monde.<\/p>\n<p>Les cons\u00e9quences r\u00e9elles de cette d\u00e9localisation resteront limit\u00e9es- les usines du groupe continueront de produire sur le sol grec -, mais elle t\u00e9moigne d\u2019une crise de confiance majeure dans la capacit\u00e9 de redressement du pays, ou le ch\u00f4mage atteint 25%. <a href=\"https:\/\/christopoulosadvocates.com\/en\/coca-cola-leaves-greece\/#more-1409\" class=\"more-link\">&nbsp;<\/a><\/p>\n<div class=\"fixed\">\n<p class=\"blog-post-comments\"><a href=\"https:\/\/christopoulosadvocates.com\/en\/coca-cola-leaves-greece\/#comments\">0 Comments<\/a><\/p>\n<p class=\"blog-post-readmore\"><a href=\"https:\/\/christopoulosadvocates.com\/en\/coca-cola-leaves-greece\/\">Read More<\/a><\/p>\n<\/p><\/div>\n<\/div>\n<div class=\"hr\"><\/div>\n<div class=\"blog-post even  post-1474 post type-post status-publish format-standard hentry category-quotes tag-christos-christopoulos tag-greece tag-greek-islands tag-investing-in-greece tag-real-estate\">\n<h3 class=\"blog-post-title no-featured\"><a href=\"https:\/\/christopoulosadvocates.com\/en\/greek-islands-to-sell\/\">Greek Islands to sell<\/a><\/h3>\n<ul class=\"blog-post-info fixed\">\n<li class=\"author\">posted by <strong>admin<\/strong><\/li>\n<li class=\"categories\">posted in <a href=\"https:\/\/christopoulosadvocates.com\/en\/category\/quotes\/\" >Quotes<\/a><\/li>\n<\/ul>\n<p><strong>LE POINT &#8211; \u00a014\/10\/2012<\/strong><\/p>\n<p><a style=\"font-size: 13px; line-height: 19px;\" href=\"http:\/\/christopoulosadvocates.com\/wp-content\/uploads\/2013\/04\/Le-Point-iles.jpg\"><img class=\"alignleft size-thumbnail wp-image-1476\" title=\"Le Point-iles\" alt=\"\" src=\"http:\/\/christopoulosadvocates.com\/wp-content\/uploads\/2013\/04\/Le-Point-iles-150x150.jpg\" width=\"150\" height=\"150\" \/><\/a><\/p>\n<p>&nbsp;<\/p>\n<p><strong>Greek islands to sell<\/strong><\/p>\n<p>The news has been a bombshell. According to the Greek press this weekend, the emissaries of the European Union and International Monetary Fund have suggested the Greek government to &#8220;move the Islanders with less than 150 inhabitants to more accessible places.&#8221; A proposal publicly repeated by Kostas Mousouroulis, the Greek Minister of Maritime Affairs. The country has indeed a myriad of islands, many of which are close to the Turkish coast. Twenty-two of them are inhabited by fewer than 150 persons. Their operation, according to the minister, would &#8220;cost too expensive for the state.&#8221;<\/p>\n<p><em>Deportation<\/em><\/p>\n<p><em>Even contradicted this assumption is debatable. Christos Christopoulos, business lawyer, remains skeptical about the realization of the project, but asks: &#8220;What if in France we moved seven villagers of Ch\u00e2teauvieux-the-Fosse in the Doubs or those of &#8216;Aulan in Dr\u00f4me? Deportation of these people from their dwelling place, even under the pretext of non-profitability, wake past traumas to the Greeks. Moreover, it is legally impermissible and, finally, it would create serious risks to national security, &#8220;he says. <a href=\"https:\/\/christopoulosadvocates.com\/en\/greek-islands-to-sell\/#more-1474\" class=\"more-link\">&nbsp;<\/a><\/em><\/p>\n<div class=\"fixed\">\n<p class=\"blog-post-comments\"><a href=\"https:\/\/christopoulosadvocates.com\/en\/greek-islands-to-sell\/#comments\">0 Comments<\/a><\/p>\n<p class=\"blog-post-readmore\"><a href=\"https:\/\/christopoulosadvocates.com\/en\/greek-islands-to-sell\/\">Read More<\/a><\/p>\n<\/p><\/div>\n<\/div>\n<div class=\"hr\"><\/div>\n<div class=\"blog-post odd last  post-1457 post type-post status-publish format-standard hentry category-quotes tag-alexia-kefalas tag-christos-christopoulos tag-greece tag-greek-church tag-greek-crisis tag-le-point tag-treasure\">\n<h3 class=\"blog-post-title no-featured\"><a href=\"https:\/\/christopoulosadvocates.com\/en\/treasure-of-greek-church\/\">The fabulous treasure of the Greek Church<\/a><\/h3>\n<ul class=\"blog-post-info fixed\">\n<li class=\"author\">posted by <strong>admin<\/strong><\/li>\n<li class=\"categories\">posted in <a href=\"https:\/\/christopoulosadvocates.com\/en\/category\/quotes\/\" >Quotes<\/a><\/li>\n<\/ul>\n<p>&nbsp;<\/p>\n<p><strong>LE POINT \u00a0&#8211; \u00a023\/12\/2011<\/strong><\/p>\n<p><strong>The fabulous treasure of the Greek Church<\/strong>\u00a0<a href=\"http:\/\/christopoulosadvocates.com\/wp-content\/uploads\/2013\/04\/Greek-Church.jpg\"><img class=\"alignleft size-thumbnail wp-image-1481\" title=\"Greek Church\" alt=\"\" src=\"http:\/\/christopoulosadvocates.com\/wp-content\/uploads\/2013\/04\/Greek-Church-150x150.jpg\" width=\"150\" height=\"150\" \/><\/a><\/p>\n<p><span style=\"font-size: 13px; line-height: 19px;\">&#8230; But the debate results only little controversy in the country, apart from a few small circles. Over 80% of Greeks declare being Orthodox and many of them prefer to turn their back to the situation as long as the privileged status of the Church is profitable for them.<\/span><\/p>\n<p><em>&#8220;In the rich suburbs and in the very popular islands, where the price per square meter is very high, some take advantage of the vagueness of the law,&#8221; said Christos Christopoulos, from the business-law firm Christopoulos Advocates. &#8220;The Church of Greece has a planning department recognized by law, issuing building permits for parishes and temples. On the same ground, next to these places of worship, it is possible to build small auxiliary buildings. But some people have used this type of license in order to build villas on their land, where construction was prohibited by city-planning regulations&#8221; he says. <a href=\"https:\/\/christopoulosadvocates.com\/en\/treasure-of-greek-church\/#more-1457\" class=\"more-link\">&nbsp;<\/a><\/em><\/p>\n<div class=\"fixed\">\n<p class=\"blog-post-comments\"><a href=\"https:\/\/christopoulosadvocates.com\/en\/treasure-of-greek-church\/#comments\">0 Comments<\/a><\/p>\n<p class=\"blog-post-readmore\"><a href=\"https:\/\/christopoulosadvocates.com\/en\/treasure-of-greek-church\/\">Read More<\/a><\/p>\n<\/p><\/div>\n<\/div>\n","protected":false},"excerpt":{"rendered":"","protected":false},"author":1,"featured_media":0,"parent":0,"menu_order":0,"comment_status":"open","ping_status":"open","template":"","meta":{"footnotes":""},"yoast_head":"<!-- This site is optimized with the Yoast SEO plugin v22.6 - https:\/\/yoast.com\/wordpress\/plugins\/seo\/ -->\n<title>News - Christopoulos Advocates<\/title>\n<meta name=\"robots\" content=\"index, follow, max-snippet:-1, max-image-preview:large, max-video-preview:-1\" \/>\n<link rel=\"canonical\" href=\"https:\/\/christopoulosadvocates.com\/en\/news\/\" \/>\n<meta property=\"og:locale\" content=\"en_US\" \/>\n<meta property=\"og:type\" content=\"article\" \/>\n<meta property=\"og:title\" content=\"News - Christopoulos Advocates\" \/>\n<meta property=\"og:url\" content=\"https:\/\/christopoulosadvocates.com\/en\/news\/\" \/>\n<meta property=\"og:site_name\" content=\"Christopoulos Advocates\" \/>\n<meta property=\"article:modified_time\" content=\"2013-04-16T20:20:57+00:00\" \/>\n<script type=\"application\/ld+json\" class=\"yoast-schema-graph\">{\"@context\":\"https:\/\/schema.org\",\"@graph\":[{\"@type\":\"WebPage\",\"@id\":\"https:\/\/christopoulosadvocates.com\/en\/news\/\",\"url\":\"https:\/\/christopoulosadvocates.com\/en\/news\/\",\"name\":\"News - Christopoulos Advocates\",\"isPartOf\":{\"@id\":\"https:\/\/christopoulosadvocates.com\/#website\"},\"datePublished\":\"2013-04-16T20:08:45+00:00\",\"dateModified\":\"2013-04-16T20:20:57+00:00\",\"breadcrumb\":{\"@id\":\"https:\/\/christopoulosadvocates.com\/en\/news\/#breadcrumb\"},\"inLanguage\":\"en-US\",\"potentialAction\":[{\"@type\":\"ReadAction\",\"target\":[\"https:\/\/christopoulosadvocates.com\/en\/news\/\"]}]},{\"@type\":\"BreadcrumbList\",\"@id\":\"https:\/\/christopoulosadvocates.com\/en\/news\/#breadcrumb\",\"itemListElement\":[{\"@type\":\"ListItem\",\"position\":1,\"name\":\"Home\",\"item\":\"https:\/\/christopoulosadvocates.com\/en\/\"},{\"@type\":\"ListItem\",\"position\":2,\"name\":\"News\"}]},{\"@type\":\"WebSite\",\"@id\":\"https:\/\/christopoulosadvocates.com\/#website\",\"url\":\"https:\/\/christopoulosadvocates.com\/\",\"name\":\"Christopoulos Advocates\",\"description\":\"\u0394\u03b9\u03ba\u03b7\u03b3\u03bf\u03c1\u03b9\u03ba\u03cc \u0393\u03c1\u03b1\u03c6\u03b5\u03af\u03bf - \u039d\u03bf\u03bc\u03b9\u03ba\u03bf\u03af \u03a3\u03cd\u03bc\u03b2\u03bf\u03c5\u03bb\u03bf\u03b9\",\"potentialAction\":[{\"@type\":\"SearchAction\",\"target\":{\"@type\":\"EntryPoint\",\"urlTemplate\":\"https:\/\/christopoulosadvocates.com\/?s={search_term_string}\"},\"query-input\":\"required name=search_term_string\"}],\"inLanguage\":\"en-US\"}]}<\/script>\n<!-- \/ Yoast SEO plugin. -->","yoast_head_json":{"title":"News - Christopoulos Advocates","robots":{"index":"index","follow":"follow","max-snippet":"max-snippet:-1","max-image-preview":"max-image-preview:large","max-video-preview":"max-video-preview:-1"},"canonical":"https:\/\/christopoulosadvocates.com\/en\/news\/","og_locale":"en_US","og_type":"article","og_title":"News - Christopoulos Advocates","og_url":"https:\/\/christopoulosadvocates.com\/en\/news\/","og_site_name":"Christopoulos Advocates","article_modified_time":"2013-04-16T20:20:57+00:00","schema":{"@context":"https:\/\/schema.org","@graph":[{"@type":"WebPage","@id":"https:\/\/christopoulosadvocates.com\/en\/news\/","url":"https:\/\/christopoulosadvocates.com\/en\/news\/","name":"News - Christopoulos Advocates","isPartOf":{"@id":"https:\/\/christopoulosadvocates.com\/#website"},"datePublished":"2013-04-16T20:08:45+00:00","dateModified":"2013-04-16T20:20:57+00:00","breadcrumb":{"@id":"https:\/\/christopoulosadvocates.com\/en\/news\/#breadcrumb"},"inLanguage":"en-US","potentialAction":[{"@type":"ReadAction","target":["https:\/\/christopoulosadvocates.com\/en\/news\/"]}]},{"@type":"BreadcrumbList","@id":"https:\/\/christopoulosadvocates.com\/en\/news\/#breadcrumb","itemListElement":[{"@type":"ListItem","position":1,"name":"Home","item":"https:\/\/christopoulosadvocates.com\/en\/"},{"@type":"ListItem","position":2,"name":"News"}]},{"@type":"WebSite","@id":"https:\/\/christopoulosadvocates.com\/#website","url":"https:\/\/christopoulosadvocates.com\/","name":"Christopoulos Advocates","description":"\u0394\u03b9\u03ba\u03b7\u03b3\u03bf\u03c1\u03b9\u03ba\u03cc \u0393\u03c1\u03b1\u03c6\u03b5\u03af\u03bf - \u039d\u03bf\u03bc\u03b9\u03ba\u03bf\u03af \u03a3\u03cd\u03bc\u03b2\u03bf\u03c5\u03bb\u03bf\u03b9","potentialAction":[{"@type":"SearchAction","target":{"@type":"EntryPoint","urlTemplate":"https:\/\/christopoulosadvocates.com\/?s={search_term_string}"},"query-input":"required name=search_term_string"}],"inLanguage":"en-US"}]}},"_links":{"self":[{"href":"https:\/\/christopoulosadvocates.com\/en\/wp-json\/wp\/v2\/pages\/1552"}],"collection":[{"href":"https:\/\/christopoulosadvocates.com\/en\/wp-json\/wp\/v2\/pages"}],"about":[{"href":"https:\/\/christopoulosadvocates.com\/en\/wp-json\/wp\/v2\/types\/page"}],"author":[{"embeddable":true,"href":"https:\/\/christopoulosadvocates.com\/en\/wp-json\/wp\/v2\/users\/1"}],"replies":[{"embeddable":true,"href":"https:\/\/christopoulosadvocates.com\/en\/wp-json\/wp\/v2\/comments?post=1552"}],"version-history":[{"count":3,"href":"https:\/\/christopoulosadvocates.com\/en\/wp-json\/wp\/v2\/pages\/1552\/revisions"}],"predecessor-version":[{"id":1616,"href":"https:\/\/christopoulosadvocates.com\/en\/wp-json\/wp\/v2\/pages\/1552\/revisions\/1616"}],"wp:attachment":[{"href":"https:\/\/christopoulosadvocates.com\/en\/wp-json\/wp\/v2\/media?parent=1552"}],"curies":[{"name":"wp","href":"https:\/\/api.w.org\/{rel}","templated":true}]}}